{"id":1345,"date":"2022-01-05T20:48:38","date_gmt":"2022-01-05T18:48:38","guid":{"rendered":"https:\/\/www.cakesperiments.com\/?page_id=1345"},"modified":"2024-11-19T14:37:08","modified_gmt":"2024-11-19T12:37:08","slug":"privacy-policy-2","status":"publish","type":"page","link":"https:\/\/www.cakesperiments.com\/lt\/privacy-policy-2\/","title":{"rendered":"Privatumo politika"},"content":{"rendered":"<div data-elementor-type=\"wp-page\" data-elementor-id=\"1345\" class=\"elementor elementor-1345\" data-elementor-post-type=\"page\">\n\t\t\t\t\t\t<section class=\"elementor-section elementor-top-section elementor-element elementor-element-3e0a154c elementor-section-boxed elementor-section-height-default elementor-section-height-default\" data-id=\"3e0a154c\" data-element_type=\"section\" data-e-type=\"section\">\n\t\t\t\t\t\t<div class=\"elementor-container elementor-column-gap-default\">\n\t\t\t\t\t<div class=\"elementor-column elementor-col-100 elementor-top-column elementor-element elementor-element-182f9e94\" data-id=\"182f9e94\" data-element_type=\"column\" data-e-type=\"column\">\n\t\t\t<div class=\"elementor-widget-wrap elementor-element-populated\">\n\t\t\t\t\t\t<div class=\"elementor-element elementor-element-79e3df0c elementor-widget elementor-widget-text-editor\" data-id=\"79e3df0c\" data-element_type=\"widget\" data-e-type=\"widget\" data-widget_type=\"text-editor.default\">\n\t\t\t\t<div class=\"elementor-widget-container\">\n\t\t\t\t\t\t\t\t\t<h4>Koki\u0105 informacij\u0105 renkame ir kod\u0117l<\/h4><h6>Asmenin\u0117 informacija<\/h6><p>Kai naudojat\u0117s \u0161ia svetaine, j\u016bs\u0173 gali b\u016bti papra\u0161yta pateikti tam tikr\u0105 asmenin\u0119 informacij\u0105, kuri\u0105 b\u016bt\u0173 galima su jumis susisiekti arba nustatyti j\u016bs\u0173 tapatyb\u0119. Asmenin\u0119 informacij\u0105 apima:<\/p><ul><li>Vardas<\/li><li>elektroninio pa\u0161to adresas.<\/li><\/ul><h6><span style=\"color: var( --e-global-color-text ); letter-spacing: 0px;\">Nar\u0161ykl\u0117s siun\u010diama informacija<\/span><\/h6><p>Mes renkame informacij\u0105, kuri\u0105 j\u016bs\u0173 nar\u0161ykl\u0117 siun\u010dia, kai lankot\u0117s m\u016bs\u0173 svetain\u0117je. \u0160ie duomenys gali apimti toki\u0105 informacij\u0105 kaip j\u016bs\u0173 kompiuterio IP adresas, nar\u0161ykl\u0117s tipas, nar\u0161ykl\u0117s versija, m\u016bs\u0173 svetain\u0117s puslapiai, kuriuose lankot\u0117s, j\u016bs\u0173 apsilankymo laikas ir data, laikas, praleistas tuose puslapiuose, ir kita statistika. \u0160ie duomenys padeda mums suprasti ir analizuoti, kaip gerai veikia svetain\u0117 ir kur j\u0105 reikia tobulinti, taip pat identifikuoti brukal\u0105 (elektronin\u012f \u0161lam\u0161t\u0105).<\/p><h6>Vietos duomenys<\/h6><p>Jei \u012f svetain\u0119 keliate nuotraukas (pvz. komentuodami), venkite kelti nuotraukas su \u012fterptais vietos duomenimis (EXIF GPS). Svetain\u0117s lankytojai gali atsisi\u0173sti ir i\u0161gauti bet kokius vietos duomenis i\u0161 svetain\u0117je esan\u010di\u0173 nuotrauk\u0173.<\/p><h6>Kiek laiko saugome j\u016bs\u0173 informacij\u0105<\/h6><p>Jei paliksite komentar\u0105, komentaras ir jo metaduomenys bus saugomi neribot\u0105 laik\u0105. Taip galime automati\u0161kai atpa\u017einti ir patvirtinti visus tolesnius komentarus nelaikydami j\u0173 moderavimo eil\u0117je.<\/p><h6>Kokias teises turite \u012f savo asmenin\u0119 informacij\u0105<\/h6><p>Jei \u0161ioje svetain\u0117je palikote komentar\u0173, galite reikalauti jums pateikti eksportuot\u0105 vis\u0105 m\u016bs\u0173 turim\u0105 asmenin\u0119 informacij\u0105 apie jus. Taip pat galite reikalauti, kad vis\u0105 turim\u0105 informacij\u0105 apie jus i\u0161trintum\u0117me. Tai negalioja informacijai, kuri\u0105 privalome saugoti administraciniais, teisiniais ar saugumo tikslais.<\/p><h6>Su kuo dalijam\u0117s j\u016bs\u0173 asmenine informacija<\/h6><p>Su tre\u010diosiomis \u0161alimis dalinam\u0117s j\u016bs\u0173 informacija tik svetain\u0117s saugumo ir\u00a0<span style=\"color: var( --e-global-color-primary ); letter-spacing: 0px;\">brukalo identifikavimo tikslais<\/span><span style=\"color: var( --e-global-color-primary ); letter-spacing: 0px;\">. J\u016bs\u0173 asmenin\u0117s informacijos niekam neparduodame.<\/span><\/p><p><span style=\"color: var( --e-global-color-primary ); letter-spacing: 0px;\">Jei paliksite komentar\u0105, jis gali b\u016bti patikrintas naudojant automatin\u0119 brukalo aptikimo paslaug\u0105.<\/span><\/p><p>Anonimin\u0117 eilut\u0117, sukurta i\u0161 j\u016bs\u0173 el. pa\u0161to adreso (angl. hash), gali b\u016bti pateikta \u201eGravatar\u201c paslaugai, kad b\u016bt\u0173 galima patikrinti, ar j\u0105 naudojate. Su \u201eGravatar\u201c privatumo politika galite susipa\u017einti \u010dia:\u00a0<a style=\"background-color: #ffffff;\" href=\"https:\/\/automattic.com\/privacy\/\">https:\/\/automattic.com\/privacy\/<\/a><span style=\"color: var( --e-global-color-primary ); letter-spacing: 0px;\"><br \/><\/span><\/p><h6>Vaik\u0173 privatumas<\/h6><p>S\u0105moningai nerenkame asmenin\u0117s informacijos i\u0161 jaunesni\u0173 nei 14 met\u0173 vaik\u0173. Jei esate vienas i\u0161 t\u0117v\u0173 arba glob\u0117j\u0173 ir \u017einote, kad j\u016bs\u0173 vaikas mums pateik\u0117 asmenin\u0119 informacij\u0105, susisiekite su mumis. Jei su\u017einosime, kad vaikas iki 14 met\u0173 pateik\u0117 mums asmenin\u0119 informacij\u0105, mes j\u0105 nedelsdami i\u0161trinsime.<span style=\"color: var( --e-global-color-primary ); letter-spacing: 0px;\">\u00a0<\/span><\/p>\t\t\t\t\t\t\t\t<\/div>\n\t\t\t\t<\/div>\n\t\t\t\t<div class=\"elementor-element elementor-element-ce48a6a elementor-widget__width-initial elementor-widget elementor-widget-text-editor\" data-id=\"ce48a6a\" data-element_type=\"widget\" data-e-type=\"widget\" data-widget_type=\"text-editor.default\">\n\t\t\t\t<div class=\"elementor-widget-container\">\n\t\t\t\t\t\t\t\t\t<h4>Slapukai<\/h4><p>Slapukai yra ma\u017ei tekstiniai failai, naudojami ma\u017eiems informacijos kiekiams saugoti. Jie saugomi j\u016bs\u0173 \u012frenginyje, kai nar\u0161ote m\u016bs\u0173 svetain\u0117je. \u0160ie slapukai padeda svetainei veikti tinkamai ir saugiai, kurti ger\u0105 patirt\u012f vartotojams, analizuoti svetain\u0117s veikim\u0105 ir j\u0105 tobulinti.<\/p><h6>Kaip naudojame slapukus<\/h6><p>Kaip ir dauguma interneto svetaini\u0173, naudojame pirmosios ir tre\u010diosios \u0161alies slapukus keliems tikslams.\u00a0<span style=\"color: var( --e-global-color-primary ); letter-spacing: 0px;\">\u0160ioje svetain\u0117je naudojami tre\u010di\u0173j\u0173 \u0161ali\u0173 slapukai daugiausia skirti suprasti, kaip veikia svetain\u0117, kaip j\u016bs su ja naudojat\u0117s, gerina j\u016bs\u0173 patirt\u012f bei spartina b\u016bsim\u0105 s\u0105veik\u0105 su svetaine.<\/span><\/p><h6>Kokius slapukus naudojame<\/h6><p><em>B\u016btinieji:<\/em> kai kurie slapukai yra b\u016btini, kad gal\u0117tum\u0117te naudotis visomis m\u016bs\u0173 svetain\u0117s funkcijomis. Jie leid\u017eia mums u\u017ekirsti keli\u0105 bet kokioms saugumo gr\u0117sm\u0117ms. Jie nerenka ir nesaugo jokios asmenin\u0117s informacijos.\u00a0<\/p><p><em>Statistiniai:\u00a0<\/em>\u0161ie slapukai saugo informacij\u0105, pvz., svetain\u0117s lankytoj\u0173 skai\u010di\u0173, unikali\u0173 lankytoj\u0173 skai\u010di\u0173, kurie svetain\u0117s puslapiai lankomi ir kt. \u0160ie duomenys padeda suprasti ir analizuoti, kaip gerai veikia svetain\u0117 ir kur j\u0105 reikia tobulinti. Statistikai naudojame Google Analytics. Su j\u0173 privatumo politika galite susipa\u017einti \u010dia: <a href=\"https:\/\/policies.google.com\/privacy\">https:\/\/policies.google.com\/privacy<\/a><\/p><p><em>Funkciniai:<\/em> tai slapukai, padedantys atlikti tam tikras neesmines m\u016bs\u0173 svetain\u0117s funkcijas. \u0160ios funkcijos apima turinio, pvz., vaizdo \u012fra\u0161\u0173, \u012fterpim\u0105 arba svetain\u0117s turinio dalinim\u0105si socialiniuose tinkluose.<\/p><p><em>Nustatym\u0173 slapukai:<\/em> \u0161ie slapukai padeda i\u0161saugoti j\u016bs\u0173 nustatymus ir nar\u0161ymo nustatymus, pvz., kalbos nustatymus, kad tur\u0117tum\u0117te geresn\u0119 patirt\u012f lankydamiesi svetain\u0117je ateityje.<\/p><p><i>Rinkodaros:<\/i> M\u016bs\u0173 svetain\u0117je rodomos reklamos. \u0160ie slapukai naudojami siekiant suasmeninti jums rodomas reklamas kad jos b\u016bt\u0173 jums aktualios. \u0160ie slapukai taip pat padeda mums steb\u0117ti \u0161i\u0173 reklamos kampanij\u0173 efektyvum\u0105. Personalizuotos reklamos galite atsisakyti apsilank\u0119\u00a0<a href=\"https:\/\/myadcenter.google.com\/home?sasb=true&amp;ref=ad-settings\" target=\"_blank\" rel=\"noopener\">reklamos nustatymuose<\/a>.<\/p><p>\u0160iuose slapukuose saugom\u0105 informacij\u0105 taip pat gali naudoti tre\u010di\u0173j\u0173 \u0161ali\u0173 reklam\u0173 teik\u0117jai, kad rodyt\u0173 jums skelbimus ir kitose nar\u0161ykl\u0117s svetain\u0117se.<\/p><p>M\u016bs\u0173 reklamos partneriai yra:<\/p><p><span style=\"color: var( --e-global-color-primary ); letter-spacing: 0px;\">&#8211; Google Adsense<\/span><\/p><h6>DoubleClick DART slapukas<\/h6><p>\u2013 Google, kaip tre\u010diosios \u0161alies pardav\u0117jas, naudoja slapukus reklamoms \u0161ioje svetain\u0117je rodyti.<\/p><p>\u2013 Google naudoja DART slapuk\u0105, kad gal\u0117t\u0173 rodyti jums reklamas pagal j\u016bs\u0173 apsilankym\u0105 cakesperiments.com ir kitose interneto svetain\u0117se.<\/p><p>\u2013 Galite atsisakyti DART slapuko naudojimo apsilank\u0119 \u201eGoogle\u201c skelbim\u0173 ir turinio tinklo privatumo politikoje \u0161iuo URL adresu\u00a0<a style=\"background-color: #ffffff; letter-spacing: 0px;\" href=\"http:\/\/www.google.com\/privacy_ads.html\" target=\"_blank\" rel=\"noopener\">http:\/\/www.google.com\/privacy_ads.html<\/a>.\u00a0<\/p><p><span style=\"color: var( --e-global-color-primary ); letter-spacing: 0px;\">\u0160ie tre\u010di\u0173j\u0173 \u0161ali\u0173 reklamos serveriai arba reklamos tinklai naudoja technologij\u0105, kad cakesperiments.com svetain\u0117je rodomos reklamos ir nuorodos b\u016bt\u0173 siun\u010diamos tiesiai \u012f j\u016bs\u0173 nar\u0161ykles. Kai tai vyksta, jie automati\u0161kai gauna j\u016bs\u0173 IP adres\u0105. Tre\u010di\u0173j\u0173 \u0161ali\u0173 skelbim\u0173 tinklai gali naudoti ir kitas technologijas (pvz., slapukus, JavaScript arba \u017einiatinklio indikatorius), kad gal\u0117t\u0173 \u012fvertinti savo reklam\u0173 veiksmingum\u0105 ir (arba) suasmeninti jums rodom\u0105 reklamos turin\u012f.<\/span><\/p><p>Cakesperiments.com neturi prieigos prie \u0161i\u0173 slapuk\u0173, kuriuos naudoja tre\u010di\u0173j\u0173 \u0161ali\u0173 reklamuotojai, ir j\u0173 nekontroliuoja.<\/p><p>I\u0161samesn\u0117s informacijos apie \u0161i\u0173 tre\u010di\u0173j\u0173 \u0161ali\u0173 reklamos serveri\u0173 praktik\u0105, taip pat nurodym\u0173, kaip atsisakyti tam tikros praktikos, tur\u0117tum\u0117te ie\u0161koti atitinkamose \u0161i\u0173 tre\u010di\u0173j\u0173 \u0161ali\u0173 reklamos serveri\u0173 privatumo politikose. cakesperiments.com privatumo politika netaikoma ir mes negalime kontroliuoti toki\u0173 kit\u0173 reklamuotoj\u0173 ar interneto svetaini\u0173 veiklos.<\/p><h6><span style=\"color: var( --e-global-color-text ); font-size: 17px; letter-spacing: 0px;\">Kaip galite valdyti slapuk\u0173 nustatymus<\/span><\/h6><p>Jei nar\u0161ymo metu nuspr\u0119stum\u0117te pakeisti nuostatas, savo sutikim\u0105 gal\u0117site keisti paspaud\u0119 \u017eemiau esan\u010di\u0105 nuorod\u0105. Taip v\u0117l bus rodomas sutikimo prane\u0161imas, leid\u017eiantis pakeisti savo nustatymus arba visi\u0161kai at\u0161aukti sutikim\u0105.<\/p>\t\t\t\t\t\t\t\t<\/div>\n\t\t\t\t<\/div>\n\t\t\t\t<div class=\"elementor-element elementor-element-1faacd3 elementor-widget elementor-widget-shortcode\" data-id=\"1faacd3\" data-element_type=\"widget\" data-e-type=\"widget\" data-widget_type=\"shortcode.default\">\n\t\t\t\t<div class=\"elementor-widget-container\">\n\t\t\t\t\t\t\t<div class=\"elementor-shortcode\">[wt_cli_manage_consent]<\/div>\n\t\t\t\t\t\t<\/div>\n\t\t\t\t<\/div>\n\t\t\t\t<div class=\"elementor-element elementor-element-3cc00e4 elementor-widget elementor-widget-text-editor\" data-id=\"3cc00e4\" data-element_type=\"widget\" data-e-type=\"widget\" data-widget_type=\"text-editor.default\">\n\t\t\t\t<div class=\"elementor-widget-container\">\n\t\t\t\t\t\t\t\t\t<p>Be to, \u012fvairios nar\u0161ykl\u0117s si\u016blo skirtingus metodus, kaip blokuoti ir i\u0161trinti svetaini\u0173 naudojamus slapukus. Galite pakeisti savo nar\u0161ykl\u0117s nustatymus, kad blokuotum\u0117te\/i\u0161trintum\u0117te slapukus. Nor\u0117dami su\u017einoti daugiau apie tai, kaip tvarkyti ir i\u0161trinti slapukus, apsilankykite wikipedia.org, www.allaboutcookies.org.<\/p><h6>Kontaktai<\/h6><p>Jeigu turite klausim\u0173, susisiekite el. pa\u0161to adresu <a href=\"mailto:rasa@cakesperiments.com\">rasa@cakesperiments.com<\/a><\/p>\t\t\t\t\t\t\t\t<\/div>\n\t\t\t\t<\/div>\n\t\t\t\t\t<\/div>\n\t\t<\/div>\n\t\t\t\t\t<\/div>\n\t\t<\/section>\n\t\t\t\t<section class=\"elementor-section elementor-top-section elementor-element elementor-element-ba519ba elementor-section-boxed elementor-section-height-default elementor-section-height-default\" data-id=\"ba519ba\" data-element_type=\"section\" data-e-type=\"section\">\n\t\t\t\t\t\t<div class=\"elementor-container elementor-column-gap-default\">\n\t\t\t\t\t<div class=\"elementor-column elementor-col-100 elementor-top-column elementor-element elementor-element-3f6868b\" data-id=\"3f6868b\" data-element_type=\"column\" data-e-type=\"column\">\n\t\t\t<div class=\"elementor-widget-wrap\">\n\t\t\t\t\t\t\t<\/div>\n\t\t<\/div>\n\t\t\t\t\t<\/div>\n\t\t<\/section>\n\t\t\t\t<\/div>","protected":false},"excerpt":{"rendered":"<p>What personal data do we collect and why we collect it Personally identifiable information While using this website, you may be asked to provide us with certain personally identifiable information that can be used to contact or identify you. Personally identifiable information may include, but is not limited to: Name Email address Log Data We [&hellip;]<\/p>","protected":false},"author":1,"featured_media":0,"parent":0,"menu_order":0,"comment_status":"closed","ping_status":"closed","template":"","meta":{"footnotes":""},"class_list":["post-1345","page","type-page","status-publish","hentry"],"yoast_head":"<!-- This site is optimized with the Yoast SEO plugin v27.2 - https:\/\/yoast.com\/product\/yoast-seo-wordpress\/ -->\n<title>Privacy Policy - Cakesperiments<\/title>\n<meta name=\"robots\" content=\"index, follow, max-snippet:-1, max-image-preview:large, max-video-preview:-1\" \/>\n<link rel=\"canonical\" href=\"https:\/\/www.cakesperiments.com\/lt\/privacy-policy-2\/\" \/>\n<meta property=\"og:locale\" content=\"lt_LT\" \/>\n<meta property=\"og:type\" content=\"article\" \/>\n<meta property=\"og:title\" content=\"Privacy Policy - Cakesperiments\" \/>\n<meta property=\"og:description\" content=\"What personal data do we collect and why we collect it Personally identifiable information While using this website, you may be asked to provide us with certain personally identifiable information that can be used to contact or identify you. Personally identifiable information may include, but is not limited to: Name Email address Log Data We [&hellip;]\" \/>\n<meta property=\"og:url\" content=\"https:\/\/www.cakesperiments.com\/lt\/privacy-policy-2\/\" \/>\n<meta property=\"og:site_name\" content=\"Cakesperiments\" \/>\n<meta property=\"article:modified_time\" content=\"2024-11-19T12:37:08+00:00\" \/>\n<meta name=\"twitter:card\" content=\"summary_large_image\" \/>\n<meta name=\"twitter:label1\" content=\"Est. reading time\" \/>\n\t<meta name=\"twitter:data1\" content=\"4 minut\u0117s\" \/>\n<script type=\"application\/ld+json\" class=\"yoast-schema-graph\">{\"@context\":\"https:\/\/schema.org\",\"@graph\":[{\"@type\":\"WebPage\",\"@id\":\"https:\/\/www.cakesperiments.com\/privacy-policy-2\/\",\"url\":\"https:\/\/www.cakesperiments.com\/privacy-policy-2\/\",\"name\":\"Privacy Policy - Cakesperiments\",\"isPartOf\":{\"@id\":\"https:\/\/www.cakesperiments.com\/lt\/#website\"},\"datePublished\":\"2022-01-05T18:48:38+00:00\",\"dateModified\":\"2024-11-19T12:37:08+00:00\",\"breadcrumb\":{\"@id\":\"https:\/\/www.cakesperiments.com\/privacy-policy-2\/#breadcrumb\"},\"inLanguage\":\"lt-LT\",\"potentialAction\":[{\"@type\":\"ReadAction\",\"target\":[\"https:\/\/www.cakesperiments.com\/privacy-policy-2\/\"]}]},{\"@type\":\"BreadcrumbList\",\"@id\":\"https:\/\/www.cakesperiments.com\/privacy-policy-2\/#breadcrumb\",\"itemListElement\":[{\"@type\":\"ListItem\",\"position\":1,\"name\":\"Home\",\"item\":\"https:\/\/www.cakesperiments.com\/lt\/\"},{\"@type\":\"ListItem\",\"position\":2,\"name\":\"Privacy Policy\"}]},{\"@type\":\"WebSite\",\"@id\":\"https:\/\/www.cakesperiments.com\/lt\/#website\",\"url\":\"https:\/\/www.cakesperiments.com\/lt\/\",\"name\":\"Cakesperiments\",\"description\":\"Tested and perfected dessert recipes\",\"publisher\":{\"@id\":\"https:\/\/www.cakesperiments.com\/lt\/#organization\"},\"potentialAction\":[{\"@type\":\"SearchAction\",\"target\":{\"@type\":\"EntryPoint\",\"urlTemplate\":\"https:\/\/www.cakesperiments.com\/lt\/?s={search_term_string}\"},\"query-input\":{\"@type\":\"PropertyValueSpecification\",\"valueRequired\":true,\"valueName\":\"search_term_string\"}}],\"inLanguage\":\"lt-LT\"},{\"@type\":\"Organization\",\"@id\":\"https:\/\/www.cakesperiments.com\/lt\/#organization\",\"name\":\"Cakesperiments\",\"url\":\"https:\/\/www.cakesperiments.com\/lt\/\",\"logo\":{\"@type\":\"ImageObject\",\"inLanguage\":\"lt-LT\",\"@id\":\"https:\/\/www.cakesperiments.com\/lt\/#\/schema\/logo\/image\/\",\"url\":\"https:\/\/www.cakesperiments.com\/wp-content\/uploads\/2021\/10\/caksperiments-logo.svg\",\"contentUrl\":\"https:\/\/www.cakesperiments.com\/wp-content\/uploads\/2021\/10\/caksperiments-logo.svg\",\"width\":798,\"height\":131,\"caption\":\"Cakesperiments\"},\"image\":{\"@id\":\"https:\/\/www.cakesperiments.com\/lt\/#\/schema\/logo\/image\/\"},\"sameAs\":[\"https:\/\/www.instagram.com\/cakesperiments.blog\/\",\"https:\/\/www.pinterest.com\/cakesperiments\/\"]}]}<\/script>\n<!-- \/ Yoast SEO plugin. -->","yoast_head_json":{"title":"Privacy Policy - Cakesperiments","robots":{"index":"index","follow":"follow","max-snippet":"max-snippet:-1","max-image-preview":"max-image-preview:large","max-video-preview":"max-video-preview:-1"},"canonical":"https:\/\/www.cakesperiments.com\/lt\/privacy-policy-2\/","og_locale":"lt_LT","og_type":"article","og_title":"Privacy Policy - Cakesperiments","og_description":"What personal data do we collect and why we collect it Personally identifiable information While using this website, you may be asked to provide us with certain personally identifiable information that can be used to contact or identify you. Personally identifiable information may include, but is not limited to: Name Email address Log Data We [&hellip;]","og_url":"https:\/\/www.cakesperiments.com\/lt\/privacy-policy-2\/","og_site_name":"Cakesperiments","article_modified_time":"2024-11-19T12:37:08+00:00","twitter_card":"summary_large_image","twitter_misc":{"Est. reading time":"4 minut\u0117s"},"schema":{"@context":"https:\/\/schema.org","@graph":[{"@type":"WebPage","@id":"https:\/\/www.cakesperiments.com\/privacy-policy-2\/","url":"https:\/\/www.cakesperiments.com\/privacy-policy-2\/","name":"Privacy Policy - Cakesperiments","isPartOf":{"@id":"https:\/\/www.cakesperiments.com\/lt\/#website"},"datePublished":"2022-01-05T18:48:38+00:00","dateModified":"2024-11-19T12:37:08+00:00","breadcrumb":{"@id":"https:\/\/www.cakesperiments.com\/privacy-policy-2\/#breadcrumb"},"inLanguage":"lt-LT","potentialAction":[{"@type":"ReadAction","target":["https:\/\/www.cakesperiments.com\/privacy-policy-2\/"]}]},{"@type":"BreadcrumbList","@id":"https:\/\/www.cakesperiments.com\/privacy-policy-2\/#breadcrumb","itemListElement":[{"@type":"ListItem","position":1,"name":"Home","item":"https:\/\/www.cakesperiments.com\/lt\/"},{"@type":"ListItem","position":2,"name":"Privacy Policy"}]},{"@type":"WebSite","@id":"https:\/\/www.cakesperiments.com\/lt\/#website","url":"https:\/\/www.cakesperiments.com\/lt\/","name":"Cakesperiments","description":"Tested and perfected dessert recipes","publisher":{"@id":"https:\/\/www.cakesperiments.com\/lt\/#organization"},"potentialAction":[{"@type":"SearchAction","target":{"@type":"EntryPoint","urlTemplate":"https:\/\/www.cakesperiments.com\/lt\/?s={search_term_string}"},"query-input":{"@type":"PropertyValueSpecification","valueRequired":true,"valueName":"search_term_string"}}],"inLanguage":"lt-LT"},{"@type":"Organization","@id":"https:\/\/www.cakesperiments.com\/lt\/#organization","name":"Cakesperiments","url":"https:\/\/www.cakesperiments.com\/lt\/","logo":{"@type":"ImageObject","inLanguage":"lt-LT","@id":"https:\/\/www.cakesperiments.com\/lt\/#\/schema\/logo\/image\/","url":"https:\/\/www.cakesperiments.com\/wp-content\/uploads\/2021\/10\/caksperiments-logo.svg","contentUrl":"https:\/\/www.cakesperiments.com\/wp-content\/uploads\/2021\/10\/caksperiments-logo.svg","width":798,"height":131,"caption":"Cakesperiments"},"image":{"@id":"https:\/\/www.cakesperiments.com\/lt\/#\/schema\/logo\/image\/"},"sameAs":["https:\/\/www.instagram.com\/cakesperiments.blog\/","https:\/\/www.pinterest.com\/cakesperiments\/"]}]}},"_links":{"self":[{"href":"https:\/\/www.cakesperiments.com\/lt\/wp-json\/wp\/v2\/pages\/1345","targetHints":{"allow":["GET"]}}],"collection":[{"href":"https:\/\/www.cakesperiments.com\/lt\/wp-json\/wp\/v2\/pages"}],"about":[{"href":"https:\/\/www.cakesperiments.com\/lt\/wp-json\/wp\/v2\/types\/page"}],"author":[{"embeddable":true,"href":"https:\/\/www.cakesperiments.com\/lt\/wp-json\/wp\/v2\/users\/1"}],"replies":[{"embeddable":true,"href":"https:\/\/www.cakesperiments.com\/lt\/wp-json\/wp\/v2\/comments?post=1345"}],"version-history":[{"count":49,"href":"https:\/\/www.cakesperiments.com\/lt\/wp-json\/wp\/v2\/pages\/1345\/revisions"}],"predecessor-version":[{"id":4727,"href":"https:\/\/www.cakesperiments.com\/lt\/wp-json\/wp\/v2\/pages\/1345\/revisions\/4727"}],"wp:attachment":[{"href":"https:\/\/www.cakesperiments.com\/lt\/wp-json\/wp\/v2\/media?parent=1345"}],"curies":[{"name":"wp","href":"https:\/\/api.w.org\/{rel}","templated":true}]}}